{"id":3430,"date":"2021-07-12T11:15:49","date_gmt":"2021-07-12T09:15:49","guid":{"rendered":"http:\/\/allfieldsbe.webhosting.be\/politique-dutilisation-des-cookies\/"},"modified":"2025-09-11T12:44:58","modified_gmt":"2025-09-11T10:44:58","slug":"politique-dutilisation-des-cookies","status":"publish","type":"page","link":"https:\/\/allfields.be\/fr\/politique-dutilisation-des-cookies\/","title":{"rendered":"Politique d\u2019utilisation des cookies"},"content":{"rendered":"[vc_row type=&#8221;full_width_background&#8221; full_screen_row_position=&#8221;middle&#8221; column_margin=&#8221;default&#8221; column_direction=&#8221;default&#8221; column_direction_tablet=&#8221;default&#8221; column_direction_phone=&#8221;default&#8221; bg_color=&#8221;#06101d&#8221; scene_position=&#8221;center&#8221; top_padding=&#8221;10%&#8221; text_color=&#8221;light&#8221; text_align=&#8221;left&#8221; row_border_radius=&#8221;none&#8221; row_border_radius_applies=&#8221;bg&#8221; overflow=&#8221;visible&#8221; overlay_strength=&#8221;0.3&#8243; gradient_direction=&#8221;left_to_right&#8221; shape_divider_position=&#8221;bottom&#8221; bg_image_animation=&#8221;none&#8221; shape_type=&#8221;&#8221; gradient_type=&#8221;default&#8221;][vc_column column_padding=&#8221;no-extra-padding&#8221; column_padding_tablet=&#8221;inherit&#8221; column_padding_phone=&#8221;inherit&#8221; column_padding_position=&#8221;all&#8221; column_element_direction_desktop=&#8221;default&#8221; column_element_spacing=&#8221;default&#8221; desktop_text_alignment=&#8221;default&#8221; tablet_text_alignment=&#8221;default&#8221; phone_text_alignment=&#8221;default&#8221; background_color_opacity=&#8221;1&#8243; background_hover_color_opacity=&#8221;1&#8243; column_backdrop_filter=&#8221;none&#8221; column_shadow=&#8221;none&#8221; column_border_radius=&#8221;none&#8221; column_link_target=&#8221;_self&#8221; column_position=&#8221;default&#8221; gradient_direction=&#8221;left_to_right&#8221; overlay_strength=&#8221;0.3&#8243; width=&#8221;1\/6&#8243; tablet_width_inherit=&#8221;default&#8221; animation_type=&#8221;default&#8221; bg_image_animation=&#8221;none&#8221; border_type=&#8221;simple&#8221; column_border_width=&#8221;none&#8221; column_border_style=&#8221;solid&#8221;][\/vc_column][vc_column column_padding=&#8221;no-extra-padding&#8221; column_padding_tablet=&#8221;inherit&#8221; column_padding_phone=&#8221;inherit&#8221; column_padding_position=&#8221;all&#8221; column_element_direction_desktop=&#8221;default&#8221; column_element_spacing=&#8221;default&#8221; desktop_text_alignment=&#8221;default&#8221; tablet_text_alignment=&#8221;default&#8221; phone_text_alignment=&#8221;default&#8221; background_color_opacity=&#8221;1&#8243; background_hover_color_opacity=&#8221;1&#8243; column_backdrop_filter=&#8221;none&#8221; column_shadow=&#8221;none&#8221; column_border_radius=&#8221;none&#8221; column_link_target=&#8221;_self&#8221; column_position=&#8221;default&#8221; gradient_direction=&#8221;left_to_right&#8221; overlay_strength=&#8221;0.3&#8243; width=&#8221;2\/3&#8243; tablet_width_inherit=&#8221;default&#8221; animation_type=&#8221;default&#8221; bg_image_animation=&#8221;none&#8221; border_type=&#8221;simple&#8221; column_border_width=&#8221;none&#8221; column_border_style=&#8221;solid&#8221;][vc_column_text css=&#8221;.vc_custom_1626081346049{padding-top: 6% !important;padding-bottom: 6% !important;}&#8221;]\n<h3>Politique d\u2019utilisation des cookies<\/h3>\n[\/vc_column_text][vc_column_text]\n<h5><strong><span style=\"color: #156aa3;\">1.<\/span><\/strong> Qui sommes-nous?<\/h5>\n<p>Dans le cadre de cette Politique d\u2019utilisation des cookies \u00ab nous \u00bb ou \u00ab notre \u00bb signifie All Fields, ayant son si\u00e8ge social \u00e0 2840 Rumst, Catenbergstraat 2b et dont le num\u00e9ro d&#8217;entreprise est 0540.831.121. Nous serons consid\u00e9r\u00e9s comme responsables du traitement en ce qui concerne les donn\u00e9es personnelles que nous recueillons dans le cadre de votre utilisation de notre site web (www.allfields.be).<\/p>\n<p>Etant donn\u00e9e que notre site web utilise des cookies, nous tenons \u00e0 vous donner davantage d\u2019information concernant les types de cookies que nous utilisons, les cookies que nos prestataires de service utilisent et quant \u00e0 la mani\u00e8re dont vous pouvez g\u00e9rer ou bloquer ces cookies.<\/p>\n<p>Si vous avez des questions, des commentaires ou des plaintes concernant cette Politique d\u2019utilisation des cookies ou notre traitement des cookies ou si vous souhaitez retirer votre consentement, veuillez nous contacter de l&#8217;une des mani\u00e8res suivantes :<\/p>\n<p>(a) Par e-mail: <span style=\"color: #d6d6d6;\"><a style=\"color: #d6d6d6;\" href=\"mailto:info@allfields.be\">info@allfields.be<\/a><\/span>; ou<\/p>\n<p>(b) Par courrier postal : \u00e0 Catenbergstraat 2b, 2840 Rumst.<\/p>\n<p>Cette Politique d\u2019utilisation des cookies a \u00e9t\u00e9 mise \u00e0 jour le 16\/09\/2021.<\/p>\n<h5><strong><span style=\"color: #156aa3;\">2.<\/span><\/strong> Cookies<\/h5>\n<h5><em>Que sont les cookies?<\/em><\/h5>\n<p>Les cookies sont de petits fichiers de donn\u00e9es ou de texte stock\u00e9s par votre navigateur sur votre ordinateur, tablette ou appareil mobile lorsque vous visitez un site web ou certaines pages de ce site web. Le cookie permet \u00e0 ce site web de \u00ab retenir \u00bb vos actions ou pr\u00e9f\u00e9rences pendant un certain laps de temps et de les appliquer lors des visites suivantes, par exemple votre choix de langue.<\/p>\n<p>G\u00e9n\u00e9ralement, les cookies contiennent le nom du site web d\u2019o\u00f9 ce cookie vient, le temps durant lequel le cookie restera sur votre appareil (la date d\u2019expiration) et une valeur, qui est g\u00e9n\u00e9ralement un num\u00e9ro g\u00e9n\u00e9r\u00e9 au hasard.<\/p>\n<p>On distingue les cookies strictement n\u00e9cessaires et les autres cookies.<\/p>\n<p>Les cookies strictement n\u00e9cessaires sont n\u00e9cessaires au bon fonctionnement du site web, par exemple pour la s\u00e9curit\u00e9 et l\u2019accessibilit\u00e9 de notre site web. La loi n\u2019impose pas de demander votre autorisation pour l\u2019utilisation de ces cookies.<\/p>\n<p>Une distinction suppl\u00e9mentaire sur la base de la cat\u00e9gorie peut \u00eatre faite en fonction du but sp\u00e9cifique du cookie. Pour chacune de ces cat\u00e9gories de cookies (except\u00e9 les cookies qui sont strictement n\u00e9cessaires), nous vous demanderont votre autorisation.<\/p>\n<p><u>Les cookies peuvent \u00eatre divis\u00e9s en plusieurs cat\u00e9gories <\/u>:<\/p>\n<p>(a) <strong>Cookies permanents et cookies de session <\/strong>: le but d\u2019un cookie permanent est de reconna\u00eetre le navigateur en vue de visites r\u00e9p\u00e9t\u00e9es sur ce site web, alors que le but d\u2019un cookie de session est de reconna\u00eetre le navigateur durant la visite sur le site web. Les cookies permanents restent enregistr\u00e9s sur votre ordinateur ou votre appareil mobile d\u2019une session de navigation \u00e0 l\u2019autre, contrairement aux cookies de session, qui sont effac\u00e9s enfin de chaque session.<\/p>\n<p>(b) <strong>First party cookies et les cookies de tiers <\/strong>: les First Party cookies sont plac\u00e9s par notre site web, alors que les cookies de tiers sont plac\u00e9s par d\u2019autres sites web que le n\u00f4tre. C\u2019est ce qui arrive lorsque notre site web contient des \u00e9l\u00e9ments d\u2019autres sites web, comme des plug-ins de r\u00e9seaux sociaux ou des annonces plac\u00e9es sur notre site web.<\/p>\n<p>(c) <strong>Cookies de performance et cookies fonctionnels <\/strong>: les cookies de performance observent comment l\u2019utilisateur utilise le site web. Cela permet au gestionnaire du site web d\u2019adapter et d\u2019optimaliser le contenu et la facilit\u00e9 d\u2019utilisation du site web (par exemple : combien de personnes ont visit\u00e9 les diff\u00e9rentes pages du site et quelle langue est la plus populaire) Les cookies fonctionnels sont des cookies qui se souviennent de vos pr\u00e9f\u00e9rences lorsque vous visitez le site web, telle que la langue que vous avez choisie et qui optimalisent la facilit\u00e9 d\u2019utilisation et am\u00e9liorent votre exp\u00e9rience d\u2019utilisateur.<\/p>\n<p>Les cookies ne contiennent pas toujours des donn\u00e9es \u00e0 caract\u00e8re personnel, mais peuvent contenir des informations qui peuvent conduire \u00e0 vous identifier. Dans ce cas, ce cookie sera trait\u00e9 comme une donn\u00e9e personnelle. Pour autant qu\u2019un cookie peut \u00eatre consid\u00e9r\u00e9 comme une donn\u00e9e \u00e0 caract\u00e8re personnel, notre politique en mati\u00e8re de respect de la vie priv\u00e9e s\u2019applique. Vous trouverez plus d\u2019information en mati\u00e8re de respect de la vie priv\u00e9e, de protection des donn\u00e9es \u00e0 caract\u00e8re personnel et quant \u00e0 vos droits dans notre <a href=\"http:\/\/allfields.be\/privacybeleid\/\"><u>Politique en mati\u00e8re de respect de la vie priv\u00e9e <\/u><\/a>.<\/p>\n<h5><em>Quels cookies utilisons-nous? <\/em><\/h5>\n<p><u>Les cookies strictement n\u00e9cessaires <\/u>: Ces cookies sont n\u00e9cessaires au bon fonctionnement de notre site web. Il s\u2019agit, par exemple, des cookies qui vous permettent de vous connecter. Ces cookies ne n\u00e9cessitent aucune autorisation.<\/p>\n<table>\n<tbody>\n<tr>\n<td width=\"111\"><strong>Nom<\/strong><\/td>\n<td width=\"111\"><strong>Cat\u00e9gorie<\/strong><\/td>\n<td width=\"115\"><strong>Contenu du cookie<\/strong><\/td>\n<td width=\"116\"><strong>Objectif<\/strong><\/td>\n<td width=\"100\"><strong>Dur\u00e9e de conservation<\/strong><\/td>\n<\/tr>\n<tr>\n<td width=\"111\"><\/td>\n<td width=\"111\"><\/td>\n<td width=\"115\"><\/td>\n<td width=\"116\"><\/td>\n<td width=\"100\"><\/td>\n<\/tr>\n<tr>\n<td width=\"111\"><\/td>\n<td width=\"111\"><\/td>\n<td width=\"115\"><\/td>\n<td width=\"116\"><\/td>\n<td width=\"100\"><\/td>\n<\/tr>\n<tr>\n<td width=\"111\"><\/td>\n<td width=\"111\"><\/td>\n<td width=\"115\"><\/td>\n<td width=\"116\"><\/td>\n<td width=\"100\"><\/td>\n<\/tr>\n<\/tbody>\n<\/table>\n<p><u>Autres cookies <\/u>: Ces cookies peuvent \u00eatre divis\u00e9s en plusieurs cat\u00e9gories, comme indiqu\u00e9 pr\u00e9c\u00e9demment dans cette Politique d\u2019utilisation des cookies Votre autorisation est n\u00e9cessaire pour ces cookies.<\/p>\n<table>\n<tbody>\n<tr>\n<td width=\"109\"><strong>Naam<\/strong><\/td>\n<td width=\"109\"><strong>Categorie<\/strong><\/td>\n<td width=\"113\"><strong>Inhoud van de Cookie<\/strong><\/td>\n<td width=\"113\"><strong>Doel<\/strong><\/td>\n<td width=\"110\"><strong>Bewaartermijn<\/strong><\/td>\n<\/tr>\n<tr>\n<td width=\"109\"><\/td>\n<td width=\"109\"><\/td>\n<td width=\"113\"><\/td>\n<td width=\"113\"><\/td>\n<td width=\"110\"><\/td>\n<\/tr>\n<tr>\n<td width=\"109\"><\/td>\n<td width=\"109\"><\/td>\n<td width=\"113\"><\/td>\n<td width=\"113\"><\/td>\n<td width=\"110\"><\/td>\n<\/tr>\n<tr>\n<td width=\"109\"><\/td>\n<td width=\"109\"><\/td>\n<td width=\"113\"><\/td>\n<td width=\"113\"><\/td>\n<td width=\"110\"><\/td>\n<\/tr>\n<\/tbody>\n<\/table>\n<h5><em>Cookies utilis\u00e9s par nos partenaires <\/em><\/h5>\n<p>Notre site web utilise des plug-ins de r\u00e9seaux sociaux. Ces partenaires de r\u00e9seaux sociaux utilisent des cookies de tiers. Les partenaires de r\u00e9seaux sociaux suivant sont utilis\u00e9s: Facebook, Instagram et LinkedIn. Nous renvoyons \u00e0 cet \u00e9gard \u00e0 notre <u>Politique de confidentialit\u00e9<\/u> [INS\u00c9RER LE LIEN] pour conna\u00eetre la mani\u00e8re dont nous utilisons ces plugins de r\u00e9seaux sociaux. Pour votre information, veuillez trouver ci-dessous les liens vers les politiques de cookies concern\u00e9es :<\/p>\n<p>(a) <u>Facebook<\/u>: <a href=\"https:\/\/www.facebook.com\/policies\/cookies\/\" target=\"_blank\" rel=\"noopener\"><span style=\"color: #d6d6d6;\">www.facebook.com\/policies\/cookies<\/span><\/a><\/p>\n<p>(b) <u>Instagram<\/u>: <span style=\"color: #d6d6d6;\"><a style=\"color: #d6d6d6;\" href=\"https:\/\/www.facebook.com\/help\/instagram\/1896641480634370\" target=\"_blank\" rel=\"noopener\">www.facebook.com\/help\/instagram\/1896641480634370<\/a><\/span><\/p>\n<p>(c) <u>LinkedIn<\/u>: <span style=\"color: #d6d6d6;\"><a style=\"color: #d6d6d6;\" href=\"https:\/\/www.linkedin.com\/legal\/cookie-policy\" target=\"_blank\" rel=\"noopener\">www.linkedin.com\/legal\/cookie-policy<\/a><\/span><\/p>\n<h5><em>G\u00e9rer ou supprimer les cookies<\/em><\/h5>\n<p>Lors d\u2019une visite sur le site web, le visiteur est inform\u00e9 (par voie d\u2019un pop-up) des cookies que nous utilisons et nous lui demandons son autorisation pour l\u2019utilisation de chacun des cookies. \u00c0 tout moment, vous pouvez g\u00e9rer ou effacer les cookies via les param\u00e8tres de votre navigateur. Vous pouvez refuser certains ou tous les cookies, except\u00e9 les cookies strictement n\u00e9cessaires parce que ces cookies sont essentiels pour visiter le site web et ses fonctions. Le fait de d\u00e9sactiver des cookies limite le service que nous pouvons offrir et peut affecter l\u2019exp\u00e9rience de l\u2019utilisateur. Le fait de supprimer des cookies peut avoir pour effet que vous devrez ajuster manuellement vos pr\u00e9f\u00e9rences \u00e0 chaque visite sur notre site web.<\/p>\n<p>Pour plus amples informations concernant la gestion et\/ou la suppression de cookies, visitez la page qui correspond \u00e0 votre navigateur:<\/p>\n<p>(a) <a href=\"https:\/\/support.google.com\/chrome\/answer\/95647?hl=en\" target=\"_blank\" rel=\"noopener\">s<span style=\"color: #d6d6d6;\">upport.google.com\/chrome\/answer\/95647?hl=en<\/span><\/a> (Chrome);<\/p>\n<p>(b) <a href=\"https:\/\/support.apple.com\/kb\/PH21411\" target=\"_blank\" rel=\"noopener\"><span style=\"color: #d6d6d6;\">support.apple.com\/kb\/PH21411<\/span><\/a> (Safari);<\/p>\n<p>(c) <a href=\"https:\/\/support.microsoft.com\/en-gb\/help\/17442\/windows-internet-explorer-delete-manage-cookies\" target=\"_blank\" rel=\"noopener\"><span style=\"color: #d6d6d6;\">support.microsoft.com\/en-gb\/help\/17442\/windows-internet-explorer-delete-manage-cookies<\/span><\/a> (Internet Explorer);<\/p>\n<p>(d) <span style=\"color: #d6d6d6;\"><a style=\"color: #d6d6d6;\" href=\"https:\/\/support.mozilla.org\/en-US\/kb\/enable-and-disable-cookies-Website-preferences\" target=\"_blank\" rel=\"noopener\">support.mozilla.org\/en-US\/kb\/enable-and-disable-cookies-Website-preferences<\/a><\/span> (Firefox);<\/p>\n<p>(e) <span style=\"color: #d6d6d6;\"><a style=\"color: #d6d6d6;\" href=\"http:\/\/www.opera.com\/help\/tutorials\/security\/cookies\" target=\"_blank\" rel=\"noopener\">www.opera.com\/help\/tutorials\/security\/cookies<\/a>\/<\/span> (Opera);<\/p>\n<p>(f) <span style=\"color: #d6d6d6;\"><a style=\"color: #d6d6d6;\" href=\"https:\/\/privacy.microsoft.com\/en-us\/windows-10-microsoft-edge-and-privacy\" target=\"_blank\" rel=\"noopener\">privacy.microsoft.com\/en-us\/windows-10-microsoft-edge-and-privacy<\/a><\/span>(rand);<\/p>\n<p>(g) ou visite, <a href=\"http:\/\/aboutcookies.org\/how-to-delete-cookies\/\" target=\"_blank\" rel=\"noopener\"><span style=\"color: #d6d6d6;\">aboutcookies.org\/how-to-delete-cookies\/<\/span><\/a>.<\/p>\n<h5><strong><span style=\"color: #156aa3;\">3.<\/span> Modifications a la politique d&#8217;utilisations des cookies<\/strong><\/h5>\n<p>Nous nous r\u00e9servons le droit de modifier cette Politique d\u2019utilisation des cookies. Vous pouvez consulter la version la plus r\u00e9cente sur notre site web.<\/p>\n[\/vc_column_text][\/vc_column][vc_column column_padding=&#8221;no-extra-padding&#8221; column_padding_tablet=&#8221;inherit&#8221; column_padding_phone=&#8221;inherit&#8221; column_padding_position=&#8221;all&#8221; column_element_direction_desktop=&#8221;default&#8221; column_element_spacing=&#8221;default&#8221; desktop_text_alignment=&#8221;default&#8221; tablet_text_alignment=&#8221;default&#8221; phone_text_alignment=&#8221;default&#8221; background_color_opacity=&#8221;1&#8243; background_hover_color_opacity=&#8221;1&#8243; column_backdrop_filter=&#8221;none&#8221; column_shadow=&#8221;none&#8221; column_border_radius=&#8221;none&#8221; column_link_target=&#8221;_self&#8221; column_position=&#8221;default&#8221; gradient_direction=&#8221;left_to_right&#8221; overlay_strength=&#8221;0.3&#8243; width=&#8221;1\/6&#8243; tablet_width_inherit=&#8221;default&#8221; animation_type=&#8221;default&#8221; bg_image_animation=&#8221;none&#8221; border_type=&#8221;simple&#8221; column_border_width=&#8221;none&#8221; column_border_style=&#8221;solid&#8221;][\/vc_column][\/vc_row]\n","protected":false},"excerpt":{"rendered":"<p>[vc_row type=&#8221;full_width_background&#8221; full_screen_row_position=&#8221;middle&#8221; column_margin=&#8221;default&#8221; column_direction=&#8221;default&#8221; column_direction_tablet=&#8221;default&#8221; column_direction_phone=&#8221;default&#8221; bg_color=&#8221;#06101d&#8221; scene_position=&#8221;center&#8221; top_padding=&#8221;10%&#8221; text_color=&#8221;light&#8221; text_align=&#8221;left&#8221; row_border_radius=&#8221;none&#8221; row_border_radius_applies=&#8221;bg&#8221; overflow=&#8221;visible&#8221; overlay_strength=&#8221;0.3&#8243; gradient_direction=&#8221;left_to_right&#8221; shape_divider_position=&#8221;bottom&#8221; bg_image_animation=&#8221;none&#8221; shape_type=&#8221;&#8221; gradient_type=&#8221;default&#8221;][vc_column column_padding=&#8221;no-extra-padding&#8221; column_padding_tablet=&#8221;inherit&#8221; column_padding_phone=&#8221;inherit&#8221; column_padding_position=&#8221;all&#8221; column_element_direction_desktop=&#8221;default&#8221; column_element_spacing=&#8221;default&#8221; desktop_text_alignment=&#8221;default&#8221; tablet_text_alignment=&#8221;default&#8221; phone_text_alignment=&#8221;default&#8221;&#8230;<\/p>\n","protected":false},"author":1,"featured_media":0,"parent":0,"menu_order":46,"comment_status":"closed","ping_status":"open","template":"","meta":{"inline_featured_image":false,"_monsterinsights_skip_tracking":false,"_monsterinsights_sitenote_active":false,"_monsterinsights_sitenote_note":"","_monsterinsights_sitenote_category":0,"footnotes":""},"class_list":["post-3430","page","type-page","status-publish"],"yoast_head":"<!-- This site is optimized with the Yoast SEO plugin v27.4 - https:\/\/yoast.com\/product\/yoast-seo-wordpress\/ -->\n<title>Politique d\u2019utilisation des cookies &#8212; ALL FIELDS \u00b7 Taking care of your brands<\/title>\n<meta name=\"robots\" content=\"index, follow, max-snippet:-1, max-image-preview:large, max-video-preview:-1\" \/>\n<link rel=\"canonical\" href=\"https:\/\/allfields.be\/fr\/politique-dutilisation-des-cookies\/\" \/>\n<meta property=\"og:locale\" content=\"fr_FR\" \/>\n<meta property=\"og:type\" content=\"article\" \/>\n<meta property=\"og:title\" content=\"Politique d\u2019utilisation des cookies &#8212; ALL FIELDS \u00b7 Taking care of your brands\" \/>\n<meta property=\"og:description\" content=\"[vc_row type=&#8221;full_width_background&#8221; full_screen_row_position=&#8221;middle&#8221; column_margin=&#8221;default&#8221; column_direction=&#8221;default&#8221; column_direction_tablet=&#8221;default&#8221; column_direction_phone=&#8221;default&#8221; bg_color=&#8221;#06101d&#8221; scene_position=&#8221;center&#8221; top_padding=&#8221;10%&#8221; text_color=&#8221;light&#8221; text_align=&#8221;left&#8221; row_border_radius=&#8221;none&#8221; row_border_radius_applies=&#8221;bg&#8221; overflow=&#8221;visible&#8221; overlay_strength=&#8221;0.3&#8243; gradient_direction=&#8221;left_to_right&#8221; shape_divider_position=&#8221;bottom&#8221; bg_image_animation=&#8221;none&#8221; shape_type=&#8221;&#8221; gradient_type=&#8221;default&#8221;][vc_column column_padding=&#8221;no-extra-padding&#8221; column_padding_tablet=&#8221;inherit&#8221; column_padding_phone=&#8221;inherit&#8221; column_padding_position=&#8221;all&#8221; column_element_direction_desktop=&#8221;default&#8221; column_element_spacing=&#8221;default&#8221; desktop_text_alignment=&#8221;default&#8221; tablet_text_alignment=&#8221;default&#8221; phone_text_alignment=&#8221;default&#8221;...\" \/>\n<meta property=\"og:url\" content=\"https:\/\/allfields.be\/fr\/politique-dutilisation-des-cookies\/\" \/>\n<meta property=\"og:site_name\" content=\"ALL FIELDS\" \/>\n<meta property=\"article:publisher\" content=\"https:\/\/www.facebook.com\/AllFields.be\/\" \/>\n<meta property=\"article:modified_time\" content=\"2025-09-11T10:44:58+00:00\" \/>\n<meta name=\"twitter:card\" content=\"summary_large_image\" \/>\n<meta name=\"twitter:label1\" content=\"Dur\u00e9e de lecture estim\u00e9e\" \/>\n\t<meta name=\"twitter:data1\" content=\"6 minutes\" \/>\n<script type=\"application\/ld+json\" class=\"yoast-schema-graph\">{\"@context\":\"https:\\\/\\\/schema.org\",\"@graph\":[{\"@type\":\"WebPage\",\"@id\":\"https:\\\/\\\/allfields.be\\\/fr\\\/politique-dutilisation-des-cookies\\\/\",\"url\":\"https:\\\/\\\/allfields.be\\\/fr\\\/politique-dutilisation-des-cookies\\\/\",\"name\":\"Politique d\u2019utilisation des cookies &#8212; ALL FIELDS \u00b7 Taking care of your brands\",\"isPartOf\":{\"@id\":\"https:\\\/\\\/allfields.be\\\/fr\\\/#website\"},\"datePublished\":\"2021-07-12T09:15:49+00:00\",\"dateModified\":\"2025-09-11T10:44:58+00:00\",\"breadcrumb\":{\"@id\":\"https:\\\/\\\/allfields.be\\\/fr\\\/politique-dutilisation-des-cookies\\\/#breadcrumb\"},\"inLanguage\":\"fr-FR\",\"potentialAction\":[{\"@type\":\"ReadAction\",\"target\":[\"https:\\\/\\\/allfields.be\\\/fr\\\/politique-dutilisation-des-cookies\\\/\"]}]},{\"@type\":\"BreadcrumbList\",\"@id\":\"https:\\\/\\\/allfields.be\\\/fr\\\/politique-dutilisation-des-cookies\\\/#breadcrumb\",\"itemListElement\":[{\"@type\":\"ListItem\",\"position\":1,\"name\":\"Home\",\"item\":\"https:\\\/\\\/allfields.be\\\/fr\\\/\"},{\"@type\":\"ListItem\",\"position\":2,\"name\":\"Politique d\u2019utilisation des cookies\"}]},{\"@type\":\"WebSite\",\"@id\":\"https:\\\/\\\/allfields.be\\\/fr\\\/#website\",\"url\":\"https:\\\/\\\/allfields.be\\\/fr\\\/\",\"name\":\"ALL FIELDS\",\"description\":\"Taking care of your brands\",\"potentialAction\":[{\"@type\":\"SearchAction\",\"target\":{\"@type\":\"EntryPoint\",\"urlTemplate\":\"https:\\\/\\\/allfields.be\\\/fr\\\/?s={search_term_string}\"},\"query-input\":{\"@type\":\"PropertyValueSpecification\",\"valueRequired\":true,\"valueName\":\"search_term_string\"}}],\"inLanguage\":\"fr-FR\"}]}<\/script>\n<!-- \/ Yoast SEO plugin. -->","yoast_head_json":{"title":"Politique d\u2019utilisation des cookies &#8212; ALL FIELDS \u00b7 Taking care of your brands","robots":{"index":"index","follow":"follow","max-snippet":"max-snippet:-1","max-image-preview":"max-image-preview:large","max-video-preview":"max-video-preview:-1"},"canonical":"https:\/\/allfields.be\/fr\/politique-dutilisation-des-cookies\/","og_locale":"fr_FR","og_type":"article","og_title":"Politique d\u2019utilisation des cookies &#8212; ALL FIELDS \u00b7 Taking care of your brands","og_description":"[vc_row type=&#8221;full_width_background&#8221; full_screen_row_position=&#8221;middle&#8221; column_margin=&#8221;default&#8221; column_direction=&#8221;default&#8221; column_direction_tablet=&#8221;default&#8221; column_direction_phone=&#8221;default&#8221; bg_color=&#8221;#06101d&#8221; scene_position=&#8221;center&#8221; top_padding=&#8221;10%&#8221; text_color=&#8221;light&#8221; text_align=&#8221;left&#8221; row_border_radius=&#8221;none&#8221; row_border_radius_applies=&#8221;bg&#8221; overflow=&#8221;visible&#8221; overlay_strength=&#8221;0.3&#8243; gradient_direction=&#8221;left_to_right&#8221; shape_divider_position=&#8221;bottom&#8221; bg_image_animation=&#8221;none&#8221; shape_type=&#8221;&#8221; gradient_type=&#8221;default&#8221;][vc_column column_padding=&#8221;no-extra-padding&#8221; column_padding_tablet=&#8221;inherit&#8221; column_padding_phone=&#8221;inherit&#8221; column_padding_position=&#8221;all&#8221; column_element_direction_desktop=&#8221;default&#8221; column_element_spacing=&#8221;default&#8221; desktop_text_alignment=&#8221;default&#8221; tablet_text_alignment=&#8221;default&#8221; phone_text_alignment=&#8221;default&#8221;...","og_url":"https:\/\/allfields.be\/fr\/politique-dutilisation-des-cookies\/","og_site_name":"ALL FIELDS","article_publisher":"https:\/\/www.facebook.com\/AllFields.be\/","article_modified_time":"2025-09-11T10:44:58+00:00","twitter_card":"summary_large_image","twitter_misc":{"Dur\u00e9e de lecture estim\u00e9e":"6 minutes"},"schema":{"@context":"https:\/\/schema.org","@graph":[{"@type":"WebPage","@id":"https:\/\/allfields.be\/fr\/politique-dutilisation-des-cookies\/","url":"https:\/\/allfields.be\/fr\/politique-dutilisation-des-cookies\/","name":"Politique d\u2019utilisation des cookies &#8212; ALL FIELDS \u00b7 Taking care of your brands","isPartOf":{"@id":"https:\/\/allfields.be\/fr\/#website"},"datePublished":"2021-07-12T09:15:49+00:00","dateModified":"2025-09-11T10:44:58+00:00","breadcrumb":{"@id":"https:\/\/allfields.be\/fr\/politique-dutilisation-des-cookies\/#breadcrumb"},"inLanguage":"fr-FR","potentialAction":[{"@type":"ReadAction","target":["https:\/\/allfields.be\/fr\/politique-dutilisation-des-cookies\/"]}]},{"@type":"BreadcrumbList","@id":"https:\/\/allfields.be\/fr\/politique-dutilisation-des-cookies\/#breadcrumb","itemListElement":[{"@type":"ListItem","position":1,"name":"Home","item":"https:\/\/allfields.be\/fr\/"},{"@type":"ListItem","position":2,"name":"Politique d\u2019utilisation des cookies"}]},{"@type":"WebSite","@id":"https:\/\/allfields.be\/fr\/#website","url":"https:\/\/allfields.be\/fr\/","name":"ALL FIELDS","description":"Taking care of your brands","potentialAction":[{"@type":"SearchAction","target":{"@type":"EntryPoint","urlTemplate":"https:\/\/allfields.be\/fr\/?s={search_term_string}"},"query-input":{"@type":"PropertyValueSpecification","valueRequired":true,"valueName":"search_term_string"}}],"inLanguage":"fr-FR"}]}},"_links":{"self":[{"href":"https:\/\/allfields.be\/fr\/wp-json\/wp\/v2\/pages\/3430","targetHints":{"allow":["GET"]}}],"collection":[{"href":"https:\/\/allfields.be\/fr\/wp-json\/wp\/v2\/pages"}],"about":[{"href":"https:\/\/allfields.be\/fr\/wp-json\/wp\/v2\/types\/page"}],"author":[{"embeddable":true,"href":"https:\/\/allfields.be\/fr\/wp-json\/wp\/v2\/users\/1"}],"replies":[{"embeddable":true,"href":"https:\/\/allfields.be\/fr\/wp-json\/wp\/v2\/comments?post=3430"}],"version-history":[{"count":29,"href":"https:\/\/allfields.be\/fr\/wp-json\/wp\/v2\/pages\/3430\/revisions"}],"predecessor-version":[{"id":5712,"href":"https:\/\/allfields.be\/fr\/wp-json\/wp\/v2\/pages\/3430\/revisions\/5712"}],"wp:attachment":[{"href":"https:\/\/allfields.be\/fr\/wp-json\/wp\/v2\/media?parent=3430"}],"curies":[{"name":"wp","href":"https:\/\/api.w.org\/{rel}","templated":true}]}}